{"id":43,"date":"2015-08-22T15:46:33","date_gmt":"2015-08-22T12:46:33","guid":{"rendered":"http:\/\/yaliotel.com\/?page_id=43"},"modified":"2023-05-24T12:17:53","modified_gmt":"2023-05-24T09:17:53","slug":"gezelim-gorelim","status":"publish","type":"page","link":"https:\/\/www.yaliotel.com\/?page_id=43","title":{"rendered":"Gezelim G\u00f6relim"},"content":{"rendered":"<p><span style=\"margin-left: 30px;\">Kastamonu ilinin kuzey bat\u0131 b\u00f6l\u00fcm\u00fcnde Cide, Azdavay, P\u0131narba\u015f\u0131 il\u00e7eleri ile Bart\u0131n ilinin do\u011fu b\u00f6l\u00fcm\u00fc aras\u0131ndaki b\u00f6l\u00fcm 07.07.2000 tarihinde K\u00fcre Da\u011flar\u0131 Milli Park\u0131 ad\u0131 alt\u0131nda ayr\u0131lm\u0131\u015f ve milli park ilan edilmi\u015ftir. Park 37000 hektarl\u0131k bir y\u00fcz\u00f6l\u00e7\u00fcm\u00fcne sahiptir. Milli park s\u0131n\u0131rlar\u0131 i\u00e7inde pek \u00e7ok kanyon, ma\u011fara ve koylar bulunmaktad\u0131r.<\/span><\/p>\n<ul>\n<li lang=\"tr\" xml:lang=\"tr\"><span style=\"font-weight: bold; font-style: italic;\">Gideros koyu : \u00a0<\/span>\n<div id=\"attachment_180\" style=\"width: 310px\" class=\"wp-caption alignright\"><a href=\"https:\/\/www.yaliotel.com\/wp-content\/uploads\/2023\/05\/gideros-3.jpg\"><img aria-describedby=\"caption-attachment-180\" decoding=\"async\" loading=\"lazy\" class=\"wp-image-180 size-medium\" src=\"https:\/\/www.yaliotel.com\/wp-content\/uploads\/2023\/05\/gideros-3-300x263.jpg\" alt=\"Gideros Koyu,  Cide\" width=\"300\" height=\"263\" srcset=\"https:\/\/www.yaliotel.com\/wp-content\/uploads\/2023\/05\/gideros-3-300x263.jpg 300w, https:\/\/www.yaliotel.com\/wp-content\/uploads\/2023\/05\/gideros-3-768x673.jpg 768w, https:\/\/www.yaliotel.com\/wp-content\/uploads\/2023\/05\/gideros-3-624x547.jpg 624w, https:\/\/www.yaliotel.com\/wp-content\/uploads\/2023\/05\/gideros-3-132x116.jpg 132w, https:\/\/www.yaliotel.com\/wp-content\/uploads\/2023\/05\/gideros-3.jpg 974w\" sizes=\"(max-width: 300px) 100vw, 300px\" \/><\/a><p id=\"caption-attachment-180\" class=\"wp-caption-text\">Gideros Koyu, Cide<\/p><\/div>\n<p>Cide&#8217;ye Amasra y\u00f6n\u00fcnde 13 km uzakl\u0131kta bulunmaktad\u0131r. Koruma alt\u0131ndaki bu do\u011fa harikas\u0131 koyun tarihi M.\u00d6.5000 y\u0131llara S\u00fcmer ve Hitit uygarliklarina dayanmaktad\u0131r. Homeros&#8217;un \u00fcnl\u00fc eseri Ilyada destan\u0131nda Gideros&#8217;tan o zamanki ad\u0131 Kytoros ile bahsedilmektedir. Cide Amasra aras\u0131nda yoldan g\u00f6r\u00fclebilen koyda bir\u00e7ok bal\u0131k restoran\u0131 bulunmaktad\u0131r. Yoldan koy i\u00e7ine ara\u00e7la inmek m\u00fcmk\u00fcnd\u00fcr.<\/li>\n<\/ul>\n<ul>\n<li lang=\"tr\" xml:lang=\"tr\"><span style=\"font-style: italic; font-weight: bold;\">Valla Kanyonu : \u00a0<\/span>\n<div id=\"attachment_182\" style=\"width: 310px\" class=\"wp-caption alignright\"><a href=\"https:\/\/www.yaliotel.com\/wp-content\/uploads\/2023\/05\/valla-canyon-780x470-1.jpg\"><img aria-describedby=\"caption-attachment-182\" decoding=\"async\" loading=\"lazy\" class=\"size-medium wp-image-182\" src=\"https:\/\/www.yaliotel.com\/wp-content\/uploads\/2023\/05\/valla-canyon-780x470-1-300x181.jpg\" alt=\"Valla Kanyonu, Cide\" width=\"300\" height=\"181\" srcset=\"https:\/\/www.yaliotel.com\/wp-content\/uploads\/2023\/05\/valla-canyon-780x470-1-300x181.jpg 300w, https:\/\/www.yaliotel.com\/wp-content\/uploads\/2023\/05\/valla-canyon-780x470-1-768x463.jpg 768w, https:\/\/www.yaliotel.com\/wp-content\/uploads\/2023\/05\/valla-canyon-780x470-1-624x376.jpg 624w, https:\/\/www.yaliotel.com\/wp-content\/uploads\/2023\/05\/valla-canyon-780x470-1-193x116.jpg 193w, https:\/\/www.yaliotel.com\/wp-content\/uploads\/2023\/05\/valla-canyon-780x470-1.jpg 780w\" sizes=\"(max-width: 300px) 100vw, 300px\" \/><\/a><p id=\"caption-attachment-182\" class=\"wp-caption-text\">Valla Kanyonu, Cide<\/p><\/div>\n<p>Yer yer 800 ile 1200 metreye ula\u015fan y\u00fcksek ve sarp kayal\u0131klar olu\u015fan yan duvarlar\u0131yla Cide P\u0131narba\u015f\u0131 aras\u0131nda 12 km boyunca uzanmaktad\u0131r. K\u00fcre Da\u011flar\u0131 ,i\u00e7erisinde yeralan kanyonlar\u0131n en b\u00fcy\u00fc\u011f\u00fc Valla Kanyonudur. Kanyonun te\u00e7hizats\u0131z ge\u00e7ilmesi m\u00fcmk\u00fcn de\u011fildir ancak ara\u00e7la ula\u015f\u0131labilen, kanyonu yukardan seyredilebilecek yerler mevcuttur.<\/li>\n<\/ul>\n<ul>\n<li lang=\"tr\" xml:lang=\"tr\"><span style=\"font-style: italic; font-weight: bold;\">Ilgarini Ma\u011faras\u0131 : \u00a0<\/span>\u00a0 \u00a0 Cide&#8217;ye 36 km uzakl\u0131ktaki Sorkun Yaylas\u0131nda bulunmaktad\u0131r. Yaylaya kadar ara\u00e7la ula\u015f\u0131m m\u00fcmk\u00fcnd\u00fcr. Yayladan ma\u011faraya yakla\u015f\u0131k iki saatlik bir y\u00fcr\u00fcy\u00fc\u015f yolu sonunda ma\u011faraya ula\u015f\u0131l\u0131r.Ma\u011faran\u0131n tabii kemereli giri\u015fi ge\u00e7ildikten sonra ma\u011fara i\u00e7erde iki kola ayr\u0131l\u0131r. Giri\u015fteki y\u0131k\u0131nt\u0131lar\u0131n Bizans d\u00f6neminden kalma k\u00f6y y\u0131k\u0131nt\u0131lar\u0131 oldu\u011fu san\u0131lmaktad\u0131r. Sa\u011f taraftaki d\u00fcz yolda bir su sarn\u0131c\u0131 bulunmaktad\u0131r.<\/li>\n<\/ul>\n<div id=\"attachment_184\" style=\"width: 589px\" class=\"wp-caption aligncenter\"><a href=\"https:\/\/www.yaliotel.com\/wp-content\/uploads\/2023\/05\/ilgarini-magarasi.jpg\"><img aria-describedby=\"caption-attachment-184\" decoding=\"async\" loading=\"lazy\" class=\"wp-image-184 \" src=\"https:\/\/www.yaliotel.com\/wp-content\/uploads\/2023\/05\/ilgarini-magarasi.jpg\" alt=\"Ilgarini Ma\u011faras\u0131, Cide\" width=\"579\" height=\"383\" srcset=\"https:\/\/www.yaliotel.com\/wp-content\/uploads\/2023\/05\/ilgarini-magarasi.jpg 620w, https:\/\/www.yaliotel.com\/wp-content\/uploads\/2023\/05\/ilgarini-magarasi-300x198.jpg 300w, https:\/\/www.yaliotel.com\/wp-content\/uploads\/2023\/05\/ilgarini-magarasi-175x116.jpg 175w\" sizes=\"(max-width: 579px) 100vw, 579px\" \/><\/a><p id=\"caption-attachment-184\" class=\"wp-caption-text\">Ilgarini Ma\u011faras\u0131, Cide<\/p><\/div>\n<ul>\n<li>Zamanla tahribata u\u011fram\u0131\u015f odalar\u0131n oldu\u011fu bu b\u00f6l\u00fcme avizeli salon denilmektedir. Sol taraftaki b\u00f6l\u00fcm\u00fc ise giri\u015f seviyesine g\u00f6re 250 metre a\u015fa\u011f\u0131ya inen bir yol takip etmektedir. Bu haliyle d\u00fcnyan\u0131n 4. en derin ma\u011faras\u0131 oldu\u011fu s\u00f6ylenmektedir. Virajlarla a\u015fa\u011f\u0131ya inen yolun sonundaki d\u00fczl\u00fckte bir adet kilise ve yedi tane mezar kal\u0131nt\u0131s\u0131 bulunmaktad\u0131r. Fakat bu kal\u0131nt\u0131lar gerek zamanla gerek ara\u015ft\u0131rmac\u0131lar gerekse korsan kaz\u0131c\u0131lar taraf\u0131ndan tahrip edilmi\u015ftir. Bu seviyeden sonra daha a\u015fa\u011f\u0131lara inebilmek i\u00e7in teknik malzemelere ihtiya\u00e7 duyulmaktad\u0131r. Ula\u015f\u0131labilen yere kadar ma\u011faran\u0131n uzunlu\u011fu 858 metredir.<\/li>\n<li lang=\"tr\" xml:lang=\"tr\"><span style=\"font-style: italic; font-weight: bold;\">Aydos Koyu :<\/span> \u00a0\u00a0 \u00a0 Cide&#8217;ye, \u0130nebolu y\u00f6n\u00fcnde 12 km uzakl\u0131kta yer almaktad\u0131r. Aydos \u00e7ay\u0131n\u0131n denize ula\u015ft\u0131\u011f\u0131 yerde bulunan koy, bir birine ge\u00e7mi\u015f iki koydan olu\u015fmaktad\u0131r.<\/li>\n<\/ul>\n<ul>\n<li lang=\"tr\" xml:lang=\"tr\"><span style=\"font-style: italic; font-weight: bold;\">Aydos kanyonu : <\/span>Aydos \u00e7ay\u0131n\u0131n boyunca yeralmaktad\u0131r. B\u00fcy\u00fck bir k\u0131sm\u0131 ara\u00e7la ile gezilebilmektedir. Belli bir yerden sonra yola yaya devam etmek zorunludur. Kanyon \u00fczerinde pek \u00e7ok k\u00fc\u00e7\u00fckl\u00fc b\u00fcy\u00fckl\u00fc \u015felale ve g\u00f6ller bulunmaktad\u0131r.<\/li>\n<\/ul>\n<p lang=\"tr\" xml:lang=\"tr\">\n","protected":false},"excerpt":{"rendered":"<p>Kastamonu ilinin kuzey bat\u0131 b\u00f6l\u00fcm\u00fcnde Cide, Azdavay, P\u0131narba\u015f\u0131 il\u00e7eleri ile Bart\u0131n ilinin do\u011fu b\u00f6l\u00fcm\u00fc aras\u0131ndaki b\u00f6l\u00fcm 07.07.2000 tarihinde K\u00fcre Da\u011flar\u0131 Milli Park\u0131 ad\u0131 alt\u0131nda ayr\u0131lm\u0131\u015f ve milli park ilan edilmi\u015ftir. Park 37000 hektarl\u0131k bir y\u00fcz\u00f6l\u00e7\u00fcm\u00fcne sahiptir. Milli park s\u0131n\u0131rlar\u0131 i\u00e7inde pek \u00e7ok kanyon, ma\u011fara ve koylar bulunmaktad\u0131r. Gideros koyu : \u00a0 Cide&#8217;ye Amasra y\u00f6n\u00fcnde 13 [&hellip;]<\/p>\n","protected":false},"author":1,"featured_media":0,"parent":0,"menu_order":0,"comment_status":"closed","ping_status":"closed","template":"onecolumn-page.php","meta":[],"_links":{"self":[{"href":"https:\/\/www.yaliotel.com\/index.php?rest_route=\/wp\/v2\/pages\/43"}],"collection":[{"href":"https:\/\/www.yaliotel.com\/index.php?rest_route=\/wp\/v2\/pages"}],"about":[{"href":"https:\/\/www.yaliotel.com\/index.php?rest_route=\/wp\/v2\/types\/page"}],"author":[{"embeddable":true,"href":"https:\/\/www.yaliotel.com\/index.php?rest_route=\/wp\/v2\/users\/1"}],"replies":[{"embeddable":true,"href":"https:\/\/www.yaliotel.com\/index.php?rest_route=%2Fwp%2Fv2%2Fcomments&post=43"}],"version-history":[{"count":7,"href":"https:\/\/www.yaliotel.com\/index.php?rest_route=\/wp\/v2\/pages\/43\/revisions"}],"predecessor-version":[{"id":187,"href":"https:\/\/www.yaliotel.com\/index.php?rest_route=\/wp\/v2\/pages\/43\/revisions\/187"}],"wp:attachment":[{"href":"https:\/\/www.yaliotel.com\/index.php?rest_route=%2Fwp%2Fv2%2Fmedia&parent=43"}],"curies":[{"name":"wp","href":"https:\/\/api.w.org\/{rel}","templated":true}]}}